{"id":18180,"date":"2023-07-20T08:10:45","date_gmt":"2023-07-20T06:10:45","guid":{"rendered":"https:\/\/www.musikverein-plankstadt.de\/wordpress\/?page_id=18180"},"modified":"2026-01-06T18:58:46","modified_gmt":"2026-01-06T16:58:46","slug":"wer-sind-wir","status":"publish","type":"page","link":"https:\/\/www.musikverein-plankstadt.de\/wordpress\/wer-sind-wir\/","title":{"rendered":"Wer sind wir"},"content":{"rendered":"\n<p class=\"has-text-align-justify\">Der Musikverein Plankstadt e.V. kann auf eine \u00fcber <a href=\"https:\/\/www.musikverein-plankstadt.de\/wordpress\/vereinshistorie\/\" data-type=\"URL\" data-id=\"https:\/\/www.musikverein-plankstadt.de\/wordpress\/vereinshistorie\/\">130-j\u00e4hrige Geschichte<\/a> zur\u00fcckblicken. Heute sind es ca. 250 Mitglieder, davon rund 80 Aktive, die den Verein unterst\u00fctzen und das kulturelle Angebot gemeinsam gestalten und entwickeln.<\/p>\n\n\n\n<p class=\"has-text-align-justify\">Die <a href=\"https:\/\/www.musikverein-plankstadt.de\/wordpress\/blockfloeten-unterricht-2\/\" data-type=\"URL\" data-id=\"https:\/\/www.musikverein-plankstadt.de\/wordpress\/blockfloeten-unterricht-2\/\">Fl\u00f6tenkinder<\/a> (Leitung: Ruth Miedreich-Hornung), das <a href=\"https:\/\/www.musikverein-plankstadt.de\/wordpress\/orchester23\/\" data-type=\"page\" data-id=\"17365\">Orchester23<\/a> (aktuell <a href=\"https:\/\/www.musikverein-plankstadt.de\/wordpress\/dirigent-gesucht\/\" data-type=\"post\" data-id=\"29256\">Dirigent*in gesucht!<\/a>) und die <a href=\"https:\/\/www.musikverein-plankstadt.de\/wordpress\/big-band\/\" data-type=\"URL\" data-id=\"https:\/\/www.musikverein-plankstadt.de\/wordpress\/big-band\/\">Big Band<\/a> (Leitung: Julian Seiler) bilden die drei Standbeine, welche den Musikverein musikalisch breit gef\u00e4chert st\u00fctzen.<\/p>\n\n\n\n<p class=\"has-text-align-justify\">Das Orchester23 befindet sich im Aufbau und begr\u00fc\u00dft nun auch erwachsene Musikerinnen und Musiker zum gemeinsamen Musizieren.<\/p>\n\n\n\n<p class=\"has-text-align-justify\">Die Big Band nimmt unter der Leitung von Julian Seiler immer mehr Fahrt auf und gestaltet ihr abwechslungsreiches Programm zusammen mit der S\u00e4ngerin Amelie Sch\u00fcrmann. Das Repertoire spannt sich vom klassischen Big Band-Swing \u00fcber Funk, Soul und Pop bis hin zum Latin.<\/p>\n\n\n\n<p class=\"has-text-align-justify\">Die <a href=\"https:\/\/www.musikverein-plankstadt.de\/wordpress\/ausbildung-2\/\" data-type=\"URL\" data-id=\"https:\/\/www.musikverein-plankstadt.de\/wordpress\/ausbildung-2\/\">Ausbildung<\/a> und das Heranf\u00fchren von Jugendlichen an verschiedene Musikinstrumente wird gro\u00dfgeschrieben. <\/p>\n","protected":false},"excerpt":{"rendered":"<p>Der Musikverein Plankstadt e.V. kann auf eine \u00fcber 130-j\u00e4hrige Geschichte zur\u00fcckblicken. Heute sind es ca. 250 Mitglieder, davon rund 80 Aktive, die den Verein unterst\u00fctzen und das kulturelle Angebot gemeinsam gestalten und entwickeln. Die Fl\u00f6tenkinder (Leitung: Ruth Miedreich-Hornung), das Orchester23 (aktuell Dirigent*in gesucht!) und die Big Band (Leitung: Julian Seiler) bilden die drei Standbeine, welche [&hellip;]<\/p>\n","protected":false},"author":1,"featured_media":0,"parent":0,"menu_order":0,"comment_status":"closed","ping_status":"closed","template":"","meta":{"footnotes":""},"class_list":["post-18180","page","type-page","status-publish","hentry"],"blocksy_meta":[],"_links":{"self":[{"href":"https:\/\/www.musikverein-plankstadt.de\/wordpress\/wp-json\/wp\/v2\/pages\/18180","targetHints":{"allow":["GET"]}}],"collection":[{"href":"https:\/\/www.musikverein-plankstadt.de\/wordpress\/wp-json\/wp\/v2\/pages"}],"about":[{"href":"https:\/\/www.musikverein-plankstadt.de\/wordpress\/wp-json\/wp\/v2\/types\/page"}],"author":[{"embeddable":true,"href":"https:\/\/www.musikverein-plankstadt.de\/wordpress\/wp-json\/wp\/v2\/users\/1"}],"replies":[{"embeddable":true,"href":"https:\/\/www.musikverein-plankstadt.de\/wordpress\/wp-json\/wp\/v2\/comments?post=18180"}],"version-history":[{"count":7,"href":"https:\/\/www.musikverein-plankstadt.de\/wordpress\/wp-json\/wp\/v2\/pages\/18180\/revisions"}],"predecessor-version":[{"id":29300,"href":"https:\/\/www.musikverein-plankstadt.de\/wordpress\/wp-json\/wp\/v2\/pages\/18180\/revisions\/29300"}],"wp:attachment":[{"href":"https:\/\/www.musikverein-plankstadt.de\/wordpress\/wp-json\/wp\/v2\/media?parent=18180"}],"curies":[{"name":"wp","href":"https:\/\/api.w.org\/{rel}","templated":true}]}}