{"id":28788,"date":"2024-07-22T23:28:32","date_gmt":"2024-07-22T21:28:32","guid":{"rendered":"https:\/\/www.musikverein-plankstadt.de\/wordpress\/?page_id=28788"},"modified":"2026-02-21T03:48:58","modified_gmt":"2026-02-21T01:48:58","slug":"willkommen-beim-musikverein-plankstadt","status":"publish","type":"page","link":"https:\/\/www.musikverein-plankstadt.de\/wordpress\/","title":{"rendered":"Willkommen beim Musikverein Plankstadt!"},"content":{"rendered":"\n<figure class=\"wp-block-embed is-type-video is-provider-youtube wp-block-embed-youtube wp-embed-aspect-16-9 wp-has-aspect-ratio\"><div class=\"wp-block-embed__wrapper\">\n<iframe loading=\"lazy\" title=\"BigBand Plankstadt live in concert 2026!\" width=\"1290\" height=\"726\" src=\"https:\/\/www.youtube.com\/embed\/wS2npPEG0ZM?feature=oembed\" frameborder=\"0\" allow=\"accelerometer; autoplay; clipboard-write; encrypted-media; gyroscope; picture-in-picture; web-share\" referrerpolicy=\"strict-origin-when-cross-origin\" allowfullscreen><\/iframe>\n<\/div><\/figure>\n\n\n\n<p>Herzlich willkommen auf der Homepage des Musikvereins Plankstadt e.V.! Wir freuen uns, dass Sie den Weg zu uns gefunden haben. Seit unserer Gr\u00fcndung im Jahr 1880 sind wir ein fester Bestandteil des kulturellen Lebens in Plankstadt und Umgebung. Unser Verein bietet eine Plattform f\u00fcr Musikbegeisterte jeden Alters und f\u00f6rdert aktiv die musikalische Bildung und Gemeinschaft.<\/p>\n\n\n\n<p>Entdecken Sie auf unserer Homepage die Vielfalt unseres Angebots: Von unserer BigBand und dem Orchester23 \u00fcber unser umfangreiches Ausbildungsprogramm bis hin zu unseren zahlreichen Auftritten und Veranstaltungen \u2013 bei uns ist f\u00fcr jeden etwas dabei. Informieren Sie sich \u00fcber unsere Probenzeiten, Mitgliedschaft und die M\u00f6glichkeiten, wie Sie aktiv Teil unseres Vereinslebens werden k\u00f6nnen.<\/p>\n\n\n\n<p>Wir laden Sie herzlich ein, sich umzusehen und mehr \u00fcber unseren Verein zu erfahren. Bei Fragen oder Interesse stehen wir Ihnen jederzeit zur Verf\u00fcgung. Musik verbindet \u2013 lassen Sie uns gemeinsam diese wunderbare Welt der Kl\u00e4nge erleben und genie\u00dfen!<\/p>\n","protected":false},"excerpt":{"rendered":"<p>Herzlich willkommen auf der Homepage des Musikvereins Plankstadt e.V.! Wir freuen uns, dass Sie den Weg zu uns gefunden haben. Seit unserer Gr\u00fcndung im Jahr 1880 sind wir ein fester Bestandteil des kulturellen Lebens in Plankstadt und Umgebung. Unser Verein bietet eine Plattform f\u00fcr Musikbegeisterte jeden Alters und f\u00f6rdert aktiv die musikalische Bildung und Gemeinschaft. [&hellip;]<\/p>\n","protected":false},"author":9,"featured_media":28949,"parent":0,"menu_order":0,"comment_status":"closed","ping_status":"closed","template":"","meta":{"footnotes":""},"class_list":["post-28788","page","type-page","status-publish","has-post-thumbnail","hentry"],"blocksy_meta":{"disable_featured_image":"no","styles_descriptor":{"styles":{"desktop":"","tablet":"","mobile":""},"google_fonts":[],"version":6}},"_links":{"self":[{"href":"https:\/\/www.musikverein-plankstadt.de\/wordpress\/wp-json\/wp\/v2\/pages\/28788","targetHints":{"allow":["GET"]}}],"collection":[{"href":"https:\/\/www.musikverein-plankstadt.de\/wordpress\/wp-json\/wp\/v2\/pages"}],"about":[{"href":"https:\/\/www.musikverein-plankstadt.de\/wordpress\/wp-json\/wp\/v2\/types\/page"}],"author":[{"embeddable":true,"href":"https:\/\/www.musikverein-plankstadt.de\/wordpress\/wp-json\/wp\/v2\/users\/9"}],"replies":[{"embeddable":true,"href":"https:\/\/www.musikverein-plankstadt.de\/wordpress\/wp-json\/wp\/v2\/comments?post=28788"}],"version-history":[{"count":5,"href":"https:\/\/www.musikverein-plankstadt.de\/wordpress\/wp-json\/wp\/v2\/pages\/28788\/revisions"}],"predecessor-version":[{"id":29319,"href":"https:\/\/www.musikverein-plankstadt.de\/wordpress\/wp-json\/wp\/v2\/pages\/28788\/revisions\/29319"}],"wp:featuredmedia":[{"embeddable":true,"href":"https:\/\/www.musikverein-plankstadt.de\/wordpress\/wp-json\/wp\/v2\/media\/28949"}],"wp:attachment":[{"href":"https:\/\/www.musikverein-plankstadt.de\/wordpress\/wp-json\/wp\/v2\/media?parent=28788"}],"curies":[{"name":"wp","href":"https:\/\/api.w.org\/{rel}","templated":true}]}}