{"id":288,"date":"2014-08-07T14:11:32","date_gmt":"2014-08-07T12:11:32","guid":{"rendered":"http:\/\/www.musikverein-plankstadt.de\/wordpress\/?page_id=288"},"modified":"2024-09-06T00:32:11","modified_gmt":"2024-09-05T22:32:11","slug":"ausbildung-2","status":"publish","type":"page","link":"https:\/\/www.musikverein-plankstadt.de\/wordpress\/ausbildung-2\/","title":{"rendered":"Ausbildung"},"content":{"rendered":"\n<p>Als kulturschaffender Verein der Gemeinde Plankstadt sieht es der Musikverein Plankstadt nicht nur als seine Pflicht an, die\u00a0<span style=\"font-weight: bold;\">Musikalit\u00e4t<\/span>\u00a0und\u00a0<span style=\"font-weight: bold;\">Kreativit\u00e4t<\/span>\u00a0sowie Spielfreude und\u00a0<span style=\"font-weight: bold;\">Sozialkompetenz<\/span>\u00a0Ihrer Kinder zu f\u00f6rdern, sondern vielmehr als unsere Berufung!<\/p>\n\n\n\n<p>Der Musikverein m\u00f6chte Sie und Ihre Kinder gerne bei allen Belangen rund um das Thema \u201e<span style=\"font-weight: bold;\">Musikalische Ausbildung<\/span>\u201c unterst\u00fctzen:<\/p>\n\n\n\n<ul class=\"wp-block-list\">\n<li>Beschaffung von Instrumenten,<\/li>\n\n\n\n<li>die Wahl des geeigneten Instrumentallehrers,<\/li>\n\n\n\n<li>das gemeinsame Musizieren ,<\/li>\n\n\n\n<li>die Vorbereitung und Teilnahme an Lehrg\u00e4ngen.<\/li>\n<\/ul>\n\n\n\n<p>Im Unterschied zu privaten Musikschulen bietet der Musikverein dar\u00fcber hinaus&nbsp;<span style=\"font-weight: bold;\">gemeinsame au\u00dfermusikalische Aktivit\u00e4ten zur F\u00f6rderung des Zusammenhalts und der Gemeinschaft<\/span>.<\/p>\n\n\n\n<h2 class=\"wp-block-heading\"><strong>Kooperation<\/strong><\/h2>\n\n\n\n<p>F\u00fcr Instrumentalunterricht, der \u00fcber unser eigenes Angebot hinausgeht, kooperieren wir mit der <a href=\"https:\/\/www.musikschule-schwetzingen.de\/\">Musikschule Schwetzingen<\/a>.<\/p>\n\n\n\n<figure class=\"wp-block-image aligncenter size-full\"><a href=\"https:\/\/www.musikschule-schwetzingen.de\/\"><img loading=\"lazy\" decoding=\"async\" width=\"294\" height=\"119\" src=\"https:\/\/www.musikverein-plankstadt.de\/wordpress\/wp-content\/uploads\/2024\/09\/Logo_Musikschule_Schwetzingen_Kooperation_1.jpg\" alt=\"\" class=\"wp-image-29006\"\/><\/a><\/figure>\n\n\n\n<figure class=\"wp-block-image aligncenter size-full\"><img loading=\"lazy\" decoding=\"async\" width=\"278\" height=\"278\" src=\"https:\/\/www.musikverein-plankstadt.de\/wordpress\/wp-content\/uploads\/2024\/09\/Logo_Musikschule_Schwetzingen_Kooperation.jpg\" alt=\"\" class=\"wp-image-29005\" srcset=\"https:\/\/www.musikverein-plankstadt.de\/wordpress\/wp-content\/uploads\/2024\/09\/Logo_Musikschule_Schwetzingen_Kooperation.jpg 278w, https:\/\/www.musikverein-plankstadt.de\/wordpress\/wp-content\/uploads\/2024\/09\/Logo_Musikschule_Schwetzingen_Kooperation-150x150.jpg 150w\" sizes=\"auto, (max-width: 278px) 100vw, 278px\" \/><\/figure>\n","protected":false},"excerpt":{"rendered":"<p>Als kulturschaffender Verein der Gemeinde Plankstadt sieht es der Musikverein Plankstadt nicht nur als seine Pflicht an, die\u00a0Musikalit\u00e4t\u00a0und\u00a0Kreativit\u00e4t\u00a0sowie Spielfreude und\u00a0Sozialkompetenz\u00a0Ihrer Kinder zu f\u00f6rdern, sondern vielmehr als unsere Berufung! Der Musikverein m\u00f6chte Sie und Ihre Kinder gerne bei allen Belangen rund um das Thema \u201eMusikalische Ausbildung\u201c unterst\u00fctzen: Im Unterschied zu privaten Musikschulen bietet der Musikverein dar\u00fcber [&hellip;]<\/p>\n","protected":false},"author":1,"featured_media":298,"parent":0,"menu_order":0,"comment_status":"closed","ping_status":"closed","template":"","meta":{"footnotes":""},"class_list":["post-288","page","type-page","status-publish","has-post-thumbnail","hentry"],"blocksy_meta":[],"_links":{"self":[{"href":"https:\/\/www.musikverein-plankstadt.de\/wordpress\/wp-json\/wp\/v2\/pages\/288","targetHints":{"allow":["GET"]}}],"collection":[{"href":"https:\/\/www.musikverein-plankstadt.de\/wordpress\/wp-json\/wp\/v2\/pages"}],"about":[{"href":"https:\/\/www.musikverein-plankstadt.de\/wordpress\/wp-json\/wp\/v2\/types\/page"}],"author":[{"embeddable":true,"href":"https:\/\/www.musikverein-plankstadt.de\/wordpress\/wp-json\/wp\/v2\/users\/1"}],"replies":[{"embeddable":true,"href":"https:\/\/www.musikverein-plankstadt.de\/wordpress\/wp-json\/wp\/v2\/comments?post=288"}],"version-history":[{"count":6,"href":"https:\/\/www.musikverein-plankstadt.de\/wordpress\/wp-json\/wp\/v2\/pages\/288\/revisions"}],"predecessor-version":[{"id":29008,"href":"https:\/\/www.musikverein-plankstadt.de\/wordpress\/wp-json\/wp\/v2\/pages\/288\/revisions\/29008"}],"wp:featuredmedia":[{"embeddable":true,"href":"https:\/\/www.musikverein-plankstadt.de\/wordpress\/wp-json\/wp\/v2\/media\/298"}],"wp:attachment":[{"href":"https:\/\/www.musikverein-plankstadt.de\/wordpress\/wp-json\/wp\/v2\/media?parent=288"}],"curies":[{"name":"wp","href":"https:\/\/api.w.org\/{rel}","templated":true}]}}