{"id":300,"date":"2014-08-07T14:34:48","date_gmt":"2014-08-07T12:34:48","guid":{"rendered":"http:\/\/www.musikverein-plankstadt.de\/wordpress\/?page_id=300"},"modified":"2026-01-23T18:53:28","modified_gmt":"2026-01-23T16:53:28","slug":"instrumental-unterricht-2","status":"publish","type":"page","link":"https:\/\/www.musikverein-plankstadt.de\/wordpress\/instrumental-unterricht-2\/","title":{"rendered":"Instrumental-Unterricht"},"content":{"rendered":"\n<p class=\"has-text-align-justify\">Nach 2-j\u00e4hrigem&nbsp;<a title=\"Blockfl\u00f6ten-Unterricht\" href=\"http:\/\/www.musikverein-plankstadt.de\/wordpress\/blockfloeten-unterricht-2\/\">Blockfl\u00f6ten-Unterricht<\/a>&nbsp;bieten wir f\u00fcr Kinder ab der 5. Klasse qualifizierten und preisg\u00fcnstigen Instrumental-Unterricht an.<\/p>\n\n\n\n<p>Zur Zeit stehen Lehrer f\u00fcr folgende Instrumente zur Verf\u00fcgung:<\/p>\n\n\n\n<ul class=\"wp-block-list\">\n<li>Querfl\u00f6te<\/li>\n\n\n\n<li>Klarinette \/ Saxophon<\/li>\n\n\n\n<li>Trompete<\/li>\n<\/ul>\n\n\n\n<p class=\"has-text-align-justify\">Gerne sind wir Ihnen dabei behilflich, Lehrer f\u00fcr andere Instrumente zu vermitteln &#8211; sprechen Sie uns einfach an! <a href=\"http:\/\/www.musikverein-plankstadt.de\/wordpress\/kontakt\/\">Kontakt<\/a><\/p>\n\n\n\n<p class=\"has-text-align-justify\">Dar\u00fcber hinaus helfen wir Ihnen auch, wenn es um das Thema Instrumenten-Beschaffung geht.<\/p>\n\n\n\n<figure class=\"wp-block-image size-large\"><img loading=\"lazy\" decoding=\"async\" width=\"684\" height=\"1024\" src=\"https:\/\/www.musikverein-plankstadt.de\/wordpress\/wp-content\/uploads\/2026\/01\/MVP_O23_Koop_Musikschule-684x1024.jpg\" alt=\"\" class=\"wp-image-29307\" srcset=\"https:\/\/www.musikverein-plankstadt.de\/wordpress\/wp-content\/uploads\/2026\/01\/MVP_O23_Koop_Musikschule-684x1024.jpg 684w, https:\/\/www.musikverein-plankstadt.de\/wordpress\/wp-content\/uploads\/2026\/01\/MVP_O23_Koop_Musikschule-201x300.jpg 201w, https:\/\/www.musikverein-plankstadt.de\/wordpress\/wp-content\/uploads\/2026\/01\/MVP_O23_Koop_Musikschule-768x1149.jpg 768w, https:\/\/www.musikverein-plankstadt.de\/wordpress\/wp-content\/uploads\/2026\/01\/MVP_O23_Koop_Musikschule.jpg 1024w\" sizes=\"auto, (max-width: 684px) 100vw, 684px\" \/><\/figure>\n","protected":false},"excerpt":{"rendered":"<p>Nach 2-j\u00e4hrigem&nbsp;Blockfl\u00f6ten-Unterricht&nbsp;bieten wir f\u00fcr Kinder ab der 5. Klasse qualifizierten und preisg\u00fcnstigen Instrumental-Unterricht an. Zur Zeit stehen Lehrer f\u00fcr folgende Instrumente zur Verf\u00fcgung: Gerne sind wir Ihnen dabei behilflich, Lehrer f\u00fcr andere Instrumente zu vermitteln &#8211; sprechen Sie uns einfach an! Kontakt Dar\u00fcber hinaus helfen wir Ihnen auch, wenn es um das Thema Instrumenten-Beschaffung geht.<\/p>\n","protected":false},"author":1,"featured_media":326,"parent":0,"menu_order":0,"comment_status":"closed","ping_status":"closed","template":"","meta":{"footnotes":""},"class_list":["post-300","page","type-page","status-publish","has-post-thumbnail","hentry"],"blocksy_meta":[],"_links":{"self":[{"href":"https:\/\/www.musikverein-plankstadt.de\/wordpress\/wp-json\/wp\/v2\/pages\/300","targetHints":{"allow":["GET"]}}],"collection":[{"href":"https:\/\/www.musikverein-plankstadt.de\/wordpress\/wp-json\/wp\/v2\/pages"}],"about":[{"href":"https:\/\/www.musikverein-plankstadt.de\/wordpress\/wp-json\/wp\/v2\/types\/page"}],"author":[{"embeddable":true,"href":"https:\/\/www.musikverein-plankstadt.de\/wordpress\/wp-json\/wp\/v2\/users\/1"}],"replies":[{"embeddable":true,"href":"https:\/\/www.musikverein-plankstadt.de\/wordpress\/wp-json\/wp\/v2\/comments?post=300"}],"version-history":[{"count":14,"href":"https:\/\/www.musikverein-plankstadt.de\/wordpress\/wp-json\/wp\/v2\/pages\/300\/revisions"}],"predecessor-version":[{"id":29309,"href":"https:\/\/www.musikverein-plankstadt.de\/wordpress\/wp-json\/wp\/v2\/pages\/300\/revisions\/29309"}],"wp:featuredmedia":[{"embeddable":true,"href":"https:\/\/www.musikverein-plankstadt.de\/wordpress\/wp-json\/wp\/v2\/media\/326"}],"wp:attachment":[{"href":"https:\/\/www.musikverein-plankstadt.de\/wordpress\/wp-json\/wp\/v2\/media?parent=300"}],"curies":[{"name":"wp","href":"https:\/\/api.w.org\/{rel}","templated":true}]}}