{"id":302,"date":"2014-08-07T14:35:47","date_gmt":"2014-08-07T12:35:47","guid":{"rendered":"http:\/\/www.musikverein-plankstadt.de\/wordpress\/?page_id=302"},"modified":"2024-09-04T21:10:51","modified_gmt":"2024-09-04T19:10:51","slug":"lehrgaenge-2","status":"publish","type":"page","link":"https:\/\/www.musikverein-plankstadt.de\/wordpress\/lehrgaenge-2\/","title":{"rendered":"Lehrg\u00e4nge"},"content":{"rendered":"\n<p class=\"has-text-align-justify\">Der\u00a0<strong>musikalische Austausch mit anderen Kindern<\/strong>\u00a0und Jugendlichen ist nirgends gr\u00f6\u00dfer als bei den regelm\u00e4\u00dfig veranstalteten\u00a0<strong>Lehrg\u00e4ngen<\/strong>\u00a0des Blasmusikverbands.<\/p>\n\n\n\n<p>Derzeit bietet der Blasmusikverband 3 Lehrg\u00e4nge f\u00fcr Jugendliche an:<\/p>\n\n\n\n<ul class=\"wp-block-list\">\n<li><strong>D1 &#8211; Bronze<\/strong>: Grundlagen der Musiktheorie (Rhythmik, elementare Harmonielehre, Instrumentalkunde)<\/li>\n\n\n\n<li><strong>D2 &#8211; Silber<\/strong>: Aufbauend auf D1 werden die Grundlagen erweitert (Dur- und Moll-Tonleitern, leitereigene Akkorde, Rhythmik, Instrumentalkunde, Musikgeschichte)<\/li>\n\n\n\n<li><strong>D3 &#8211; Gold<\/strong>:&nbsp;Aufbauend auf D2 werden die Kenntnisse vertieft (Dur- und Moll-Tonleitern, leiterfremde Akkorde, Vierkl\u00e4nge, Umkehrungen, vierstimmiger Satz, Kadenzen, Rhythmik, Instrumentalkunde, Musikgeschichte, Formenlehre)<\/li>\n<\/ul>\n\n\n\n<p class=\"has-text-align-justify\">In den letzten Jahren hat der Musikverein f\u00fcr viele Jungmusiker*innen die Teilnahme an diesen &#8222;D-Lehrg\u00e4ngen&#8220;\u00a0erm\u00f6glicht.<\/p>\n\n\n\n<p class=\"has-text-align-justify\"><strong>Wir unterst\u00fctzen<\/strong>&nbsp;dabei nicht nur finanziell, sondern bereiten die Kinder und Jugendlichen mehrere Wochen vor dem eigentlichen Lehrgang optimal auf die Musiktheorie des jeweiligen Lehrgangs vor.<\/p>\n","protected":false},"excerpt":{"rendered":"<p>Der\u00a0musikalische Austausch mit anderen Kindern\u00a0und Jugendlichen ist nirgends gr\u00f6\u00dfer als bei den regelm\u00e4\u00dfig veranstalteten\u00a0Lehrg\u00e4ngen\u00a0des Blasmusikverbands. Derzeit bietet der Blasmusikverband 3 Lehrg\u00e4nge f\u00fcr Jugendliche an: In den letzten Jahren hat der Musikverein f\u00fcr viele Jungmusiker*innen die Teilnahme an diesen &#8222;D-Lehrg\u00e4ngen&#8220;\u00a0erm\u00f6glicht. Wir unterst\u00fctzen&nbsp;dabei nicht nur finanziell, sondern bereiten die Kinder und Jugendlichen mehrere Wochen vor dem eigentlichen [&hellip;]<\/p>\n","protected":false},"author":1,"featured_media":325,"parent":0,"menu_order":0,"comment_status":"closed","ping_status":"closed","template":"","meta":{"footnotes":""},"class_list":["post-302","page","type-page","status-publish","has-post-thumbnail","hentry"],"blocksy_meta":[],"_links":{"self":[{"href":"https:\/\/www.musikverein-plankstadt.de\/wordpress\/wp-json\/wp\/v2\/pages\/302","targetHints":{"allow":["GET"]}}],"collection":[{"href":"https:\/\/www.musikverein-plankstadt.de\/wordpress\/wp-json\/wp\/v2\/pages"}],"about":[{"href":"https:\/\/www.musikverein-plankstadt.de\/wordpress\/wp-json\/wp\/v2\/types\/page"}],"author":[{"embeddable":true,"href":"https:\/\/www.musikverein-plankstadt.de\/wordpress\/wp-json\/wp\/v2\/users\/1"}],"replies":[{"embeddable":true,"href":"https:\/\/www.musikverein-plankstadt.de\/wordpress\/wp-json\/wp\/v2\/comments?post=302"}],"version-history":[{"count":3,"href":"https:\/\/www.musikverein-plankstadt.de\/wordpress\/wp-json\/wp\/v2\/pages\/302\/revisions"}],"predecessor-version":[{"id":28988,"href":"https:\/\/www.musikverein-plankstadt.de\/wordpress\/wp-json\/wp\/v2\/pages\/302\/revisions\/28988"}],"wp:featuredmedia":[{"embeddable":true,"href":"https:\/\/www.musikverein-plankstadt.de\/wordpress\/wp-json\/wp\/v2\/media\/325"}],"wp:attachment":[{"href":"https:\/\/www.musikverein-plankstadt.de\/wordpress\/wp-json\/wp\/v2\/media?parent=302"}],"curies":[{"name":"wp","href":"https:\/\/api.w.org\/{rel}","templated":true}]}}